{"id":769,"date":"2024-04-04T08:56:22","date_gmt":"2024-04-04T08:56:22","guid":{"rendered":"https:\/\/apartmentskrk-luca.com\/ueber-uns\/"},"modified":"2024-05-01T08:43:18","modified_gmt":"2024-05-01T08:43:18","slug":"ueber-uns","status":"publish","type":"page","link":"https:\/\/apartmentskrk-luca.com\/de\/ueber-uns\/","title":{"rendered":"\u00dcber uns"},"content":{"rendered":"<p>[et_pb_section fb_built=&#8220;1&#8243; _builder_version=&#8220;4.24.0&#8243; _module_preset=&#8220;default&#8220; background_color=&#8220;#344B6F&#8220; use_background_color_gradient=&#8220;on&#8220; background_color_gradient_stops=&#8220;rgba(52,75,111,0.92) 90%|#344b6f 100%&#8220; background_color_gradient_overlays_image=&#8220;on&#8220; background_image=&#8220;https:\/\/apartmentskrk-luca.com\/wp-content\/uploads\/2024\/04\/Luca_pattern-31.png&#8220; global_colors_info=&#8220;{}&#8220;][et_pb_row _builder_version=&#8220;4.24.0&#8243; _module_preset=&#8220;default&#8220; global_colors_info=&#8220;{}&#8220;][et_pb_column type=&#8220;4_4&#8243; _builder_version=&#8220;4.24.0&#8243; _module_preset=&#8220;default&#8220; global_colors_info=&#8220;{}&#8220;][et_pb_text _builder_version=&#8220;4.24.0&#8243; _module_preset=&#8220;default&#8220; header_text_color=&#8220;#FFFFFF&#8220; header_line_height=&#8220;1.2em&#8220; header_5_font=&#8220;Montserrat||||||||&#8220; header_5_text_color=&#8220;#FFFFFF&#8220; custom_padding=&#8220;|0px||0px|false|true&#8220; global_colors_info=&#8220;{}&#8220;]<\/p>\n<h5 style=\"text-align: center;\">\u00dcBER UNS<\/h5>\n<h1 style=\"text-align: center;\">Treffen Sie Ihre Gastgeber<\/h1>\n<p>[\/et_pb_text][\/et_pb_column][\/et_pb_row][\/et_pb_section][et_pb_section fb_built=&#8220;1&#8243; _builder_version=&#8220;4.24.0&#8243; _module_preset=&#8220;default&#8220; background_color=&#8220;#EDEBE5&#8243; background_enable_image=&#8220;off&#8220; custom_padding=&#8220;80px||80px||true|false&#8220; hover_enabled=&#8220;0&#8243; locked=&#8220;off&#8220; global_colors_info=&#8220;{}&#8220; custom_padding_last_edited=&#8220;on|phone&#8220; custom_padding_phone=&#8220;20px||20px||true|false&#8220; sticky_enabled=&#8220;0&#8243; custom_padding_tablet=&#8220;40px||40px||true|false&#8220;][et_pb_row column_structure=&#8220;1_2,1_2&#8243; make_equal=&#8220;on&#8220; _builder_version=&#8220;4.24.0&#8243; _module_preset=&#8220;default&#8220; hover_enabled=&#8220;0&#8243; custom_css_main_element=&#8220;align-items: center;&#8220; global_colors_info=&#8220;{}&#8220; sticky_enabled=&#8220;0&#8243;][et_pb_column type=&#8220;1_2&#8243; _builder_version=&#8220;4.24.0&#8243; _module_preset=&#8220;default&#8220; global_colors_info=&#8220;{}&#8220;][et_pb_text _builder_version=&#8220;4.24.0&#8243; _module_preset=&#8220;default&#8220; header_text_color=&#8220;#344B6F&#8220; header_2_line_height=&#8220;1.2em&#8220; custom_padding=&#8220;||||false|true&#8220; hover_enabled=&#8220;0&#8243; global_colors_info=&#8220;{}&#8220; animation_style=&#8220;slide&#8220; animation_direction=&#8220;left&#8220; sticky_enabled=&#8220;0&#8243;]<\/p>\n<h2>Wir, Ladi und Zeljko,<br \/>Ihre Gastgeber auf Krk Island!<\/h2>\n<p>[\/et_pb_text][et_pb_text _builder_version=&#8220;4.24.0&#8243; _module_preset=&#8220;default&#8220; header_text_color=&#8220;#344B6F&#8220; custom_padding=&#8220;||||false|true&#8220; global_colors_info=&#8220;{}&#8220;]<\/p>\n<p>Wir sind ein Paar, das die <strong>Leidenschaft f\u00fcr Gastfreundschaft<\/strong> und die <strong>Liebe zu <\/strong> <strong>Krk<\/strong> verbindet. Diese wundersch\u00f6ne Insel ist seit vier Jahren unser Zuhause und wir haben es uns zur Aufgabe gemacht, unseren <em><strong>G\u00e4sten ein unvergessliches Erlebnis zu bieten<\/strong><\/em>. <\/p>\n<p>Was uns als <strong> Gastgeber auszeichnet<\/strong>, ist unsere aufrichtige Begeisterung fu\u0308r die Insel und die <strong> Freude daran<\/strong>, sie mit anderen zu teilen.<\/p>\n<p>Jedes unserer Apartments ist mit Sorgfalt und Liebe zum Detail gestaltet, um unseren G\u00e4sten den perfekten Ru\u0308ckzugsort<br \/>zu bieten.<\/p>\n<p><strong>Wir sind nicht nur Gastgeber, sondern auch Freunde, die Ihnen gerne die Sch\u00e4tze von Krk zeigen.<\/strong> <em>Die Emotion, die wir unseren G\u00e4sten vermitteln m\u00f6chten, ist eine Mischung aus W\u00e4rme, Geborgenheit und Abenteuerlust, w\u00e4hrend sie die Sch\u00f6nheit von Krk erkunden.<\/em><em><\/em><\/p>\n<p><strong><em>Kommen Sie als G\u00e4ste und erleben Sie Krk wie ein echter Insider, verlassen Sie uns als Freunde voller unvergesslicher Erinnerungen.<\/em><\/strong><\/p>\n<p>[\/et_pb_text][\/et_pb_column][et_pb_column type=&#8220;1_2&#8243; _builder_version=&#8220;4.24.0&#8243; _module_preset=&#8220;default&#8220; border_color_all=&#8220;#344B6F&#8220; global_colors_info=&#8220;{}&#8220;][et_pb_image src=&#8220;https:\/\/apartmentskrk-luca.com\/wp-content\/uploads\/2024\/03\/IMG_4629.jpg&#8220; title_text=&#8220;IMG_4629&#8243; _builder_version=&#8220;4.24.0&#8243; _module_preset=&#8220;default&#8220; hover_enabled=&#8220;0&#8243; global_colors_info=&#8220;{}&#8220; animation_style=&#8220;slide&#8220; animation_direction=&#8220;right&#8220; sticky_enabled=&#8220;0&#8243;][\/et_pb_image][\/et_pb_column][\/et_pb_row][\/et_pb_section][et_pb_section fb_built=&#8220;1&#8243; _builder_version=&#8220;4.24.0&#8243; _module_preset=&#8220;default&#8220; background_color=&#8220;#C0B1A3&#8243; background_enable_image=&#8220;off&#8220; custom_padding=&#8220;80px||80px||true|false&#8220; hover_enabled=&#8220;0&#8243; locked=&#8220;off&#8220; global_colors_info=&#8220;{}&#8220; custom_padding_last_edited=&#8220;on|tablet&#8220; custom_padding_phone=&#8220;20px||20px||true|false&#8220; sticky_enabled=&#8220;0&#8243; custom_padding_tablet=&#8220;40px||40px||true|false&#8220;][et_pb_row use_custom_gutter=&#8220;on&#8220; make_equal=&#8220;on&#8220; _builder_version=&#8220;4.24.0&#8243; _module_preset=&#8220;default&#8220; locked=&#8220;off&#8220; global_colors_info=&#8220;{}&#8220;][et_pb_column type=&#8220;4_4&#8243; _builder_version=&#8220;4.24.0&#8243; _module_preset=&#8220;default&#8220; global_colors_info=&#8220;{}&#8220;][et_pb_text _builder_version=&#8220;4.24.0&#8243; _module_preset=&#8220;default&#8220; header_text_color=&#8220;#F9FAF8&#8243; header_line_height=&#8220;1.2em&#8220; header_5_font=&#8220;Montserrat||||||||&#8220; header_5_text_color=&#8220;#F9FAF8&#8243; custom_padding=&#8220;|0px||0px|false|true&#8220; global_colors_info=&#8220;{}&#8220;]<\/p>\n<h5 style=\"text-align: center;\">BLOG LESEN<\/h5>\n<h1 style=\"text-align: center;\">Unsere Geschichte<\/h1>\n<p>[\/et_pb_text][\/et_pb_column][\/et_pb_row][et_pb_row use_custom_gutter=&#8220;on&#8220; make_equal=&#8220;on&#8220; _builder_version=&#8220;4.24.0&#8243; _module_preset=&#8220;default&#8220; hover_enabled=&#8220;0&#8243; locked=&#8220;off&#8220; global_colors_info=&#8220;{}&#8220; animation_style=&#8220;slide&#8220; sticky_enabled=&#8220;0&#8243;][et_pb_column type=&#8220;4_4&#8243; _builder_version=&#8220;4.24.0&#8243; _module_preset=&#8220;default&#8220; global_colors_info=&#8220;{}&#8220;][et_pb_blog fullwidth=&#8220;off&#8220; posts_number=&#8220;3&#8243; include_categories=&#8220;all&#8220; show_more=&#8220;on&#8220; show_author=&#8220;off&#8220; show_date=&#8220;off&#8220; show_categories=&#8220;off&#8220; show_pagination=&#8220;off&#8220; _builder_version=&#8220;4.24.0&#8243; _module_preset=&#8220;default&#8220; border_width_all=&#8220;2px&#8220; border_color_all=&#8220;#344B6F&#8220; global_colors_info=&#8220;{}&#8220;][\/et_pb_blog][\/et_pb_column][\/et_pb_row][\/et_pb_section][et_pb_section fb_built=&#8220;1&#8243; _builder_version=&#8220;4.24.0&#8243; _module_preset=&#8220;default&#8220; custom_margin=&#8220;0px||0px||true|false&#8220; custom_padding=&#8220;0px||0px||true|false&#8220; hover_enabled=&#8220;0&#8243; global_colors_info=&#8220;{}&#8220; sticky_enabled=&#8220;0&#8243; global_module=&#8220;691&#8243; saved_tabs=&#8220;all&#8220; locked=&#8220;off&#8220;][et_pb_row column_structure=&#8220;1_2,1_2&#8243; _builder_version=&#8220;4.24.0&#8243; _module_preset=&#8220;default&#8220; background_color=&#8220;#344B6F&#8220; use_background_color_gradient=&#8220;on&#8220; background_color_gradient_direction=&#8220;90deg&#8220; background_color_gradient_stops=&#8220;#344b6f 59%|rgba(52,75,111,0.81) 90%&#8220; background_color_gradient_overlays_image=&#8220;on&#8220; background_image=&#8220;https:\/\/apartmentskrk-luca.com\/wp-content\/uploads\/2024\/04\/Luca_pattern-31.png&#8220; width=&#8220;100%&#8220; max_width=&#8220;100%&#8220; custom_margin=&#8220;0px||0px||true|false&#8220; custom_padding=&#8220;0px||0px||true|false&#8220; global_colors_info=&#8220;{}&#8220;][et_pb_column type=&#8220;1_2&#8243; _builder_version=&#8220;4.24.0&#8243; _module_preset=&#8220;default&#8220; global_colors_info=&#8220;{}&#8220;][dsm_embed_google_map address=&#8220;Apartments LUCA Krk&#8220; _builder_version=&#8220;4.24.0&#8243; _module_preset=&#8220;default&#8220; width=&#8220;100%&#8220; height=&#8220;500px&#8220; global_colors_info=&#8220;{}&#8220;][\/dsm_embed_google_map][\/et_pb_column][et_pb_column type=&#8220;1_2&#8243; _builder_version=&#8220;4.24.0&#8243; _module_preset=&#8220;default&#8220; custom_padding=&#8220;5%||||false|false&#8220; global_colors_info=&#8220;{}&#8220;][et_pb_text _builder_version=&#8220;4.24.0&#8243; _module_preset=&#8220;default&#8220; header_text_color=&#8220;#FFFFFF&#8220; header_line_height=&#8220;1.2em&#8220; header_5_font=&#8220;Montserrat||||||||&#8220; header_5_text_color=&#8220;#FFFFFF&#8220; custom_margin=&#8220;||0px||false|false&#8220; custom_padding=&#8220;|0px|0px|0px|false|true&#8220; hover_enabled=&#8220;0&#8243; global_colors_info=&#8220;{}&#8220; animation_style=&#8220;slide&#8220; sticky_enabled=&#8220;0&#8243;]<\/p>\n<h5>EINE FRAGE HABEN?<\/h5>\n<h1>Sprechen Sie mit uns<\/h1>\n<p>[\/et_pb_text][dsm_icon_list _builder_version=&#8220;4.24.0&#8243; _module_preset=&#8220;default&#8220; custom_margin=&#8220;25px||25px||true|false&#8220; custom_padding=&#8220;0px||0px||true|false&#8220; locked=&#8220;off&#8220; global_colors_info=&#8220;{}&#8220;][dsm_icon_list_child text=&#8220;Ladi and \u017deljko Opa\u010dak&#8220; font_icon=&#8220;&#xf500;||fa||900&#8243; icon_color=&#8220;#FFFFFF&#8220; icon_background_color=&#8220;RGBA(255,255,255,0)&#8220; icon_font_size=&#8220;25px&#8220; _builder_version=&#8220;4.24.0&#8243; _module_preset=&#8220;default&#8220; text_text_color=&#8220;#F9FAF8&#8243; custom_margin=&#8220;0px||0px||true|false&#8220; custom_padding=&#8220;0px||15px||false|false&#8220; global_colors_info=&#8220;{}&#8220;][\/dsm_icon_list_child][dsm_icon_list_child text=&#8220;+385 98 1336 197&#8243; font_icon=&#8220;&#xf879;||fa||900&#8243; icon_color=&#8220;#FFFFFF&#8220; icon_background_color=&#8220;RGBA(255,255,255,0)&#8220; icon_font_size=&#8220;25px&#8220; _builder_version=&#8220;4.24.0&#8243; _module_preset=&#8220;default&#8220; text_text_color=&#8220;#F9FAF8&#8243; custom_margin=&#8220;0px||0px||true|false&#8220; custom_padding=&#8220;0px||15px||false|false&#8220; global_colors_info=&#8220;{}&#8220;][\/dsm_icon_list_child][dsm_icon_list_child text=&#8220;apartmentskrk.luca@gmail.com&#8220; font_icon=&#8220;&#xf0e0;||fa||900&#8243; icon_color=&#8220;#FFFFFF&#8220; icon_background_color=&#8220;RGBA(255,255,255,0)&#8220; icon_font_size=&#8220;25px&#8220; url=&#8220;mailto:apartmentskrk.luca@gmail.com&#8220; _builder_version=&#8220;4.24.0&#8243; _module_preset=&#8220;default&#8220; text_text_color=&#8220;#F9FAF8&#8243; custom_margin=&#8220;0px||0px||true|false&#8220; custom_padding=&#8220;0px||15px||false|false&#8220; global_colors_info=&#8220;{}&#8220;][\/dsm_icon_list_child][dsm_icon_list_child text=&#8220;Vidikovac 42, Krk, Krk Insel, Kroatien&#8220; font_icon=&#8220;&#xf3c5;||fa||900&#8243; icon_color=&#8220;#FFFFFF&#8220; icon_background_color=&#8220;RGBA(255,255,255,0)&#8220; icon_font_size=&#8220;25px&#8220; _builder_version=&#8220;4.24.0&#8243; _module_preset=&#8220;default&#8220; text_text_color=&#8220;#F9FAF8&#8243; custom_margin=&#8220;0px||0px||true|false&#8220; custom_padding=&#8220;0px||0px||true|false&#8220; global_colors_info=&#8220;{}&#8220;][\/dsm_icon_list_child][\/dsm_icon_list][et_pb_button button_url=&#8220;@ET-DC@eyJkeW5hbWljIjp0cnVlLCJjb250ZW50IjoicG9zdF9saW5rX3VybF9wYWdlIiwic2V0dGluZ3MiOnsicG9zdF9pZCI6IjY5In19@&#8220; url_new_window=&#8220;on&#8220; button_text=&#8220;KONTAKTIERE UNS&#8220; _builder_version=&#8220;4.24.0&#8243; _dynamic_attributes=&#8220;button_url&#8220; _module_preset=&#8220;411d278c-35f1-47d3-9268-9f6c1e83aa22&#8243; hover_enabled=&#8220;0&#8243; locked=&#8220;off&#8220; global_colors_info=&#8220;{}&#8220; animation_style=&#8220;zoom&#8220; sticky_enabled=&#8220;0&#8243;][\/et_pb_button][\/et_pb_column][\/et_pb_row][\/et_pb_section][et_pb_section fb_built=&#8220;1&#8243; _builder_version=&#8220;4.24.0&#8243; _module_preset=&#8220;default&#8220; background_color=&#8220;#344B6F&#8220; custom_margin=&#8220;0px||0px||true|false&#8220; custom_padding=&#8220;0px||0px||true|false&#8220; global_module=&#8220;546&#8243; saved_tabs=&#8220;all&#8220; locked=&#8220;off&#8220; global_colors_info=&#8220;{}&#8220;][et_pb_row _builder_version=&#8220;4.24.0&#8243; _module_preset=&#8220;default&#8220; width=&#8220;100%&#8220; max_width=&#8220;100%&#8220; custom_margin=&#8220;0px||0px||true|false&#8220; custom_padding=&#8220;0px||0px||true|false&#8220; global_colors_info=&#8220;{}&#8220;][et_pb_column type=&#8220;4_4&#8243; _builder_version=&#8220;4.24.0&#8243; _module_preset=&#8220;default&#8220; global_colors_info=&#8220;{}&#8220;][dsm_image_carousel gallery_ids=&#8220;39,35,33,32,30,26,23,22,21,18,43,47,48,50,54,56,58&#8243; centered_slides=&#8220;on&#8220; slide_to_show=&#8220;6&#8243; slide_to_scroll=&#8220;3&#8243; space_between=&#8220;0&#8243; arrows=&#8220;off&#8220; dots=&#8220;off&#8220; show_lightbox=&#8220;on&#8220; show_lightbox_gallery=&#8220;on&#8220; _builder_version=&#8220;4.24.0&#8243; _module_preset=&#8220;default&#8220; custom_margin=&#8220;0px||0px||true|false&#8220; custom_padding=&#8220;0px||0px||true|false&#8220; global_colors_info=&#8220;{}&#8220;][\/dsm_image_carousel][\/et_pb_column][\/et_pb_row][\/et_pb_section]<\/p>\n","protected":false},"excerpt":{"rendered":"<p>\u00dcBER UNS Treffen Sie Ihre GastgeberWir, Ladi und Zeljko,Ihre Gastgeber auf Krk Island!Wir sind ein Paar, das die Leidenschaft f\u00fcr Gastfreundschaft und die Liebe zu Krk verbindet. Diese wundersch\u00f6ne Insel ist seit vier Jahren unser Zuhause und wir haben es uns zur Aufgabe gemacht, unseren G\u00e4sten ein unvergessliches Erlebnis zu bieten. Was uns als Gastgeber auszeichnet, ist unsere aufrichtige Begeisterung fu\u0308r die Insel und die Freude daran, sie mit anderen zu teilen. Jedes unserer Apartments ist mit Sorgfalt und Liebe zum Detail gestaltet, um unseren G\u00e4sten den perfekten Ru\u0308ckzugsortzu bieten. Wir sind nicht nur Gastgeber, sondern auch Freunde, die Ihnen gerne die Sch\u00e4tze von Krk zeigen. Die Emotion, die wir unseren G\u00e4sten vermitteln m\u00f6chten, ist eine Mischung aus W\u00e4rme, Geborgenheit und Abenteuerlust, w\u00e4hrend sie die Sch\u00f6nheit von Krk erkunden. Kommen Sie als G\u00e4ste und erleben Sie Krk wie ein echter Insider, verlassen Sie uns als Freunde voller unvergesslicher Erinnerungen.BLOG LESEN Unsere Geschichte<div class=\"et_pb_module dsm_embed_google_map dsm_embed_google_map_0\">\n\t\t\t\t\n\t\t\t\t\n\t\t\t\t\n\t\t\t\t\n\t\t\t\t\n\t\t\t\t\n\t\t\t\t<div class=\"et_pb_module_inner\">\n\t\t\t\t\t<iframe loading=\"lazy\" frameborder=\"0\" scrolling=\"no\" marginheight=\"0\" marginwidth=\"0\" referrerPolicy=\"no-referrer-when-downgrade\" src=\"https:\/\/www.google.com\/maps\/embed\/v1\/place?key=AIzaSyDuv7nX2psZtSkcn5iDFmNjOJ5awrHAP_c&amp;q=Apartments%20LUCA%20Krk&amp;zoom=10&amp;language=de_DE\" aria-label=\"Apartments LUCA Krk\"><\/iframe>\n\t\t\t\t<\/div>\n\t\t\t<\/div>EINE FRAGE HABEN? Sprechen Sie mit uns<div class=\"et_pb_module dsm_icon_list dsm_icon_list_0\">\n\t\t\t\t\n\t\t\t\t\n\t\t\t\t\n\t\t\t\t\n\t\t\t\t\n\t\t\t\t\n\t\t\t\t<div class=\"et_pb_module_inner\">\n\t\t\t\t\t<ul class=\"dsm_icon_list_items dsm_icon_list_ltr_direction dsm_icon_list_layout_vertical\"><\/ul>\n\t\t\t\t<\/div>\n\t\t\t<\/div><li class=\"dsm_icon_list_child dsm_icon_list_child_0\">\n\t\t\t\t\n\t\t\t\t\n\t\t\t\t\n\t\t\t\t\n\t\t\t\t<span class=\"dsm_icon_list_wrapper\"><span class=\"dsm_icon_list_icon\">\uf500<\/span><\/span><span class=\"dsm_icon_list_text\">Ladi and \u017deljko Opa\u010dak<\/span>\n\t\t\t<\/li><li class=\"dsm_icon_list_child dsm_icon_list_child_1\">\n\t\t\t\t\n\t\t\t\t\n\t\t\t\t\n\t\t\t\t\n\t\t\t\t<span class=\"dsm_icon_list_wrapper\"><span class=\"dsm_icon_list_icon\">\uf879<\/span><\/span><span class=\"dsm_icon_list_text\">+385 98 1336 197<\/span>\n\t\t\t<\/li><li class=\"dsm_icon_list_child dsm_icon_list_child_2\">\n\t\t\t\t\n\t\t\t\t\n\t\t\t\t\n\t\t\t\t\n\t\t\t\t<span class=\"dsm_icon_list_wrapper\"><span class=\"dsm_icon_list_icon\">P<\/span><\/span><span class=\"dsm_icon_list_text\">Icon List Item<\/span>\n\t\t\t<\/li><\/p>\n","protected":false},"author":2,"featured_media":255,"parent":0,"menu_order":0,"comment_status":"closed","ping_status":"closed","template":"","meta":{"_et_pb_use_builder":"on","_et_pb_old_content":"","_et_gb_content_width":"","footnotes":""},"class_list":["post-769","page","type-page","status-publish","has-post-thumbnail","hentry"],"_links":{"self":[{"href":"https:\/\/apartmentskrk-luca.com\/de\/wp-json\/wp\/v2\/pages\/769","targetHints":{"allow":["GET"]}}],"collection":[{"href":"https:\/\/apartmentskrk-luca.com\/de\/wp-json\/wp\/v2\/pages"}],"about":[{"href":"https:\/\/apartmentskrk-luca.com\/de\/wp-json\/wp\/v2\/types\/page"}],"author":[{"embeddable":true,"href":"https:\/\/apartmentskrk-luca.com\/de\/wp-json\/wp\/v2\/users\/2"}],"replies":[{"embeddable":true,"href":"https:\/\/apartmentskrk-luca.com\/de\/wp-json\/wp\/v2\/comments?post=769"}],"version-history":[{"count":7,"href":"https:\/\/apartmentskrk-luca.com\/de\/wp-json\/wp\/v2\/pages\/769\/revisions"}],"predecessor-version":[{"id":980,"href":"https:\/\/apartmentskrk-luca.com\/de\/wp-json\/wp\/v2\/pages\/769\/revisions\/980"}],"wp:featuredmedia":[{"embeddable":true,"href":"https:\/\/apartmentskrk-luca.com\/de\/wp-json\/wp\/v2\/media\/255"}],"wp:attachment":[{"href":"https:\/\/apartmentskrk-luca.com\/de\/wp-json\/wp\/v2\/media?parent=769"}],"curies":[{"name":"wp","href":"https:\/\/api.w.org\/{rel}","templated":true}]}}